{"id":89,"date":"2017-07-06T13:19:21","date_gmt":"2017-07-06T13:19:21","guid":{"rendered":"https:\/\/eavc.de\/?page_id=89"},"modified":"2025-04-16T06:24:23","modified_gmt":"2025-04-16T06:24:23","slug":"unterstuetzen","status":"publish","type":"page","link":"https:\/\/eavc.de\/?page_id=89","title":{"rendered":"Unterst\u00fctzen"},"content":{"rendered":"<p>Ihr k\u00f6nnt uns unterst\u00fctzen:<\/p>\n<ul>\n<li>Wenn Ihr online shoppen geht, vorher pr\u00fcfen ob der shop auch bei <a href=\"https:\/\/einkaufen.gooding.de\/erster-artistenverein-chemnitz-e-v-56918\" target=\"_blank\" rel=\"noopener\">gooding<\/a> verf\u00fcgbar ist<\/li>\n<li>Diese Spendenaktion bei <a href=\"https:\/\/gofund.me\/ce128fc9\">gofundme<\/a> ist unserem Verein gewidmet.<\/li>\n<\/ul>\n<p style=\"font-weight: 400;\">Als aktiver Verein ben\u00f6tigen wir kontinuierlich finanzielle Hilfe, Unterst\u00fctzung bei unseren Bauprojekten durch Baugewerke, Sachzuwendungen sowie das direkte pers\u00f6nliche Engagement bei den mannigfaltigen Aufgaben.<\/p>\n<p style=\"font-weight: 400;\">Sollten Sie Interesse haben an der F\u00f6rderung unseres Vereins als Manpower, Spender, Sponsor oder F\u00f6rderer, w\u00fcrden wir uns \u00fcber Ihre Kontaktaufnahme zu uns freuen.<\/p>\n<p style=\"font-weight: 400;\">F\u00fcr Sofort-Geldspenden nutzen Sie bitte unsere Kontoverbindung. Bei Betr\u00e4gen bis 300,00 \u20ac j\u00e4hrlich gen\u00fcgt der Kontoauszug als Nachweis f\u00fcr das Finanzamt. Auf Wunsch oder bei h\u00f6heren Betr\u00e4gen stellen wir selbstverst\u00e4ndlich eine Spendenbescheinigung aus.<\/p>\n<p style=\"font-weight: 400;\"><u>Bankverbindung<\/u><\/p>\n<p style=\"font-weight: 400;\">Empf\u00e4nger: Erster Artistenverein Chemnitz e.V.<\/p>\n<p style=\"font-weight: 400;\">IBAN: DE85 8705 0000 0710 0502 40<\/p>\n<p style=\"font-weight: 400;\">BIC: CHEKDE81XXX<\/p>\n<p style=\"font-weight: 400;\">Bank: Sparkasse Chemnitz<\/p>\n<p style=\"font-weight: 400;\">Verwendung: F\u00f6rderung des Sports<\/p>\n","protected":false},"excerpt":{"rendered":"<p>Ihr k\u00f6nnt uns unterst\u00fctzen: Wenn Ihr online shoppen geht, vorher pr\u00fcfen ob der shop auch bei gooding verf\u00fcgbar ist Diese Spendenaktion bei gofundme ist unserem Verein gewidmet. Als aktiver Verein ben\u00f6tigen wir kontinuierlich finanzielle Hilfe, Unterst\u00fctzung bei unseren Bauprojekten durch Baugewerke, Sachzuwendungen sowie das direkte pers\u00f6nliche Engagement bei den mannigfaltigen Aufgaben. Sollten Sie Interesse haben [&hellip;]<\/p>\n","protected":false},"author":1,"featured_media":0,"parent":0,"menu_order":0,"comment_status":"closed","ping_status":"closed","template":"","meta":{"jetpack_post_was_ever_published":false,"footnotes":""},"class_list":["post-89","page","type-page","status-publish","hentry"],"jetpack_sharing_enabled":true,"jetpack_shortlink":"https:\/\/wp.me\/P81LnU-1r","jetpack-related-posts":[{"id":28,"url":"https:\/\/eavc.de\/?page_id=28","url_meta":{"origin":89,"position":0},"title":"Impressum &#038; Datenschutz","date":"September 17, 2016","format":false,"excerpt":"Herausgeber Erster Artistenverein Chemnitz e.V. (EAVC e.V.) Kohlstra\u00dfe 2 09116 Chemnitz E-Mail: contact@remove.thiseavc.de Internet: https:\/\/eavc.de Registergericht: Amtsgericht Chemnitz Registernummer: VR 3464 Umsatzsteuer-Identifikationsnummer: 215\/141\/06204 Vorstand: Jens Haase Uta Linke (Schatzmeister) Svea Schulz Allgemeine Rechtshinweise Haftungsausschluss Der Herausgeber \u00fcbernimmt keinerlei Gew\u00e4hr f\u00fcr die Vollst\u00e4ndigkeit, Aktualit\u00e4t, Qualit\u00e4t, Verf\u00fcgbarkeit und St\u00f6rungsfreiheit der bereitgestellten Informationen.\u2026","rel":"","context":"\u00c4hnlicher Beitrag","img":{"alt_text":"","src":"","width":0,"height":0},"classes":[]},{"id":192,"url":"https:\/\/eavc.de\/","url_meta":{"origin":89,"position":1},"title":"Startseite","date":"Dezember 4, 2018","format":false,"excerpt":"Herzlich Willkommen beim Erster Artistenverein Chemnitz e.V. Als Sportverein wollen wir Sie gern auch online mit allen Informationen rund um unsere Angebote versorgen. Unser Verein besteht seit Mai 2016. Zur Zeit gehen bei uns 40 Sportlerinnen und Sportler ihrem Hobby nach, wovon der Gro\u00dfteil der Mitglieder Kinder und Jugendliche sind.\u2026","rel":"","context":"\u00c4hnlicher Beitrag","img":{"alt_text":"","src":"","width":0,"height":0},"classes":[]},{"id":26,"url":"https:\/\/eavc.de\/?page_id=26","url_meta":{"origin":89,"position":2},"title":"Volleyball","date":"September 17, 2016","format":false,"excerpt":"Aktuell ruht der Ball - Wir suchen Mitspieler Bei Interesse bitte unter contact[at]eavc.de melden","rel":"","context":"\u00c4hnlicher Beitrag","img":{"alt_text":"","src":"","width":0,"height":0},"classes":[]},{"id":2,"url":"https:\/\/eavc.de\/?page_id=2","url_meta":{"origin":89,"position":3},"title":"Dokumente","date":"Mai 10, 2016","format":false,"excerpt":"Dokumente Satzung EAVC e.V. Beitragsordnung EAVC e.V. Gesch\u00e4ftsordnung EAVC e.V. Finanzordnung EAVC e.V. Verzeichnis der Verarbeitungst\u00e4tigkeiten nach \u00a730 DSGVO Abteilungsordnung Showact Mitgliedsantrag Angaben zum Kind (f\u00fcr Mitglieder unter 18 Jahren) Einverst\u00e4ndniserkl\u00e4rung zweite(r) Sorgeberechtigte(r) Fotoerlaubnis Antrag auf Schulbefreiung Apps","rel":"","context":"\u00c4hnlicher Beitrag","img":{"alt_text":"","src":"","width":0,"height":0},"classes":[]}],"_links":{"self":[{"href":"https:\/\/eavc.de\/index.php?rest_route=\/wp\/v2\/pages\/89"}],"collection":[{"href":"https:\/\/eavc.de\/index.php?rest_route=\/wp\/v2\/pages"}],"about":[{"href":"https:\/\/eavc.de\/index.php?rest_route=\/wp\/v2\/types\/page"}],"author":[{"embeddable":true,"href":"https:\/\/eavc.de\/index.php?rest_route=\/wp\/v2\/users\/1"}],"replies":[{"embeddable":true,"href":"https:\/\/eavc.de\/index.php?rest_route=%2Fwp%2Fv2%2Fcomments&post=89"}],"version-history":[{"count":13,"href":"https:\/\/eavc.de\/index.php?rest_route=\/wp\/v2\/pages\/89\/revisions"}],"predecessor-version":[{"id":412,"href":"https:\/\/eavc.de\/index.php?rest_route=\/wp\/v2\/pages\/89\/revisions\/412"}],"wp:attachment":[{"href":"https:\/\/eavc.de\/index.php?rest_route=%2Fwp%2Fv2%2Fmedia&parent=89"}],"curies":[{"name":"wp","href":"https:\/\/api.w.org\/{rel}","templated":true}]}}