{"id":2,"date":"2016-05-10T03:48:21","date_gmt":"2016-05-10T03:48:21","guid":{"rendered":"http:\/\/wp452m.a10-52-158-154.qa.plesk.ru\/wordpress\/?page_id=2"},"modified":"2023-10-21T13:50:14","modified_gmt":"2023-10-21T13:50:14","slug":"sample-page","status":"publish","type":"page","link":"https:\/\/eavc.de\/?page_id=2","title":{"rendered":"Dokumente"},"content":{"rendered":"<style>\nul {<br \/>\nlist-style:none;<br \/>\n}<br \/>\n<\/style>\n<h3>Dokumente<\/h3>\n<ul>\n<li>\n<h5><a href=\"https:\/\/eavc.de\/wp-content\/uploads\/2022\/08\/Satzung-EAVC-eV.pdf\" target=\"_blank\" rel=\"noopener noreferrer\"><span class=\"wp-svg-file-pdf file-pdf\"><\/span> Satzung EAVC e.V.<\/a><\/h5>\n<\/li>\n<li>\n<h5><a href=\"https:\/\/eavc.de\/wp-content\/uploads\/2021\/09\/Beitragsordnung-EAVC-eV.pdf\" target=\"_blank\" rel=\"noopener noreferrer\"><span class=\"wp-svg-file-pdf file-pdf\"><\/span> Beitragsordnung EAVC e.V.<\/a><\/h5>\n<\/li>\n<li>\n<h5><a href=\"https:\/\/eavc.de\/wp-content\/uploads\/2021\/09\/Gesch\u00e4ftsordnung-EAVC-eV.pdf\" target=\"_blank\" rel=\"noopener noreferrer\"><span class=\"wp-svg-file-pdf file-pdf\"><\/span> Gesch\u00e4ftsordnung EAVC e.V.<\/a><\/h5>\n<\/li>\n<li>\n<h5><a href=\"https:\/\/eavc.de\/wp-content\/uploads\/2018\/04\/Finanzordnung.pdf\" target=\"_blank\" rel=\"noopener noreferrer\"><span class=\"wp-svg-file-pdf file-pdf\"><\/span> Finanzordnung EAVC e.V.<\/a><\/h5>\n<\/li>\n<li>\n<h5><a href=\"https:\/\/eavc.de\/wp-content\/uploads\/2021\/05\/2021-05-10-Verzeichnis_der_Verarbeitungstaetigkeiten_Artikel_30_DSGVO.pdf\" target=\"_blank\" rel=\"noopener noreferrer\"><span class=\"wp-svg-file-pdf file-pdf\"><\/span> Verzeichnis der Verarbeitungst\u00e4tigkeiten nach \u00a730 DSGVO<\/a><\/h5>\n<\/li>\n<li>\n<h5><a href=\"https:\/\/eavc.de\/wp-content\/uploads\/2020\/10\/Abteilungsordnung-ShowAct.pdf\" target=\"_blank\" rel=\"noopener noreferrer\"><span class=\"wp-svg-file-pdf file-pdf\"><\/span> Abteilungsordnung Showact<\/a><\/h5>\n<\/li>\n<li>\n<h5><a href=\"https:\/\/eavc.de\/wp-content\/uploads\/2021\/11\/Mitgliedsantrag.pdf\" target=\"_blank\" rel=\"noopener noreferrer\"><span class=\"wp-svg-file-pdf file-pdf\"><\/span> Mitgliedsantrag<\/a><\/h5>\n<\/li>\n<li>\n<h5><a href=\"https:\/\/eavc.de\/wp-content\/uploads\/2019\/04\/Angaben-zum-Kind.pdf\" target=\"_blank\" rel=\"noopener noreferrer\"><span class=\"wp-svg-file-pdf file-pdf\"><\/span> Angaben zum Kind (f\u00fcr Mitglieder unter 18 Jahren)<\/a><\/h5>\n<\/li>\n<li>\n<h5><a href=\"https:\/\/eavc.de\/wp-content\/uploads\/2022\/08\/2022-02-16-Einverst\u00e4ndniserkl\u00e4rung-zweiter-Erziehungsberechtigter.pdf\" target=\"_blank\" rel=\"noopener noreferrer\"><span class=\"wp-svg-file-pdf file-pdf\"><\/span> Einverst\u00e4ndniserkl\u00e4rung zweite(r) Sorgeberechtigte(r)<\/a><\/h5>\n<\/li>\n<li>\n<h5><a href=\"https:\/\/eavc.de\/wp-content\/uploads\/2022\/08\/2022-05-13-Fotoerlaubnis.pdf\" target=\"_blank\" rel=\"noopener noreferrer\"><span class=\"wp-svg-file-pdf file-pdf\"><\/span> Fotoerlaubnis<\/a><\/h5>\n<\/li>\n<li>\n<h5><a href=\"https:\/\/eavc.de\/wp-content\/uploads\/2021\/09\/Antrag-auf-Schulbefreiung-2021-09-01.pdf\" target=\"_blank\" rel=\"noopener noreferrer\"><span class=\"wp-svg-file-pdf file-pdf\"><\/span> Antrag auf Schulbefreiung<\/a><\/h5>\n<\/li>\n<\/ul>\n<h3>Apps<\/h3>\n","protected":false},"excerpt":{"rendered":"<p>Dokumente Satzung EAVC e.V. Beitragsordnung EAVC e.V. Gesch\u00e4ftsordnung EAVC e.V. Finanzordnung EAVC e.V. Verzeichnis der Verarbeitungst\u00e4tigkeiten nach \u00a730 DSGVO Abteilungsordnung Showact Mitgliedsantrag Angaben zum Kind (f\u00fcr Mitglieder unter 18 Jahren) Einverst\u00e4ndniserkl\u00e4rung zweite(r) Sorgeberechtigte(r) Fotoerlaubnis Antrag auf Schulbefreiung Apps<\/p>\n","protected":false},"author":1,"featured_media":0,"parent":0,"menu_order":0,"comment_status":"closed","ping_status":"open","template":"","meta":{"jetpack_post_was_ever_published":false,"footnotes":""},"class_list":["post-2","page","type-page","status-publish","hentry"],"jetpack_sharing_enabled":false,"jetpack_shortlink":"https:\/\/wp.me\/P81LnU-2","jetpack-related-posts":[{"id":192,"url":"https:\/\/eavc.de\/","url_meta":{"origin":2,"position":0},"title":"Startseite","date":"Dezember 4, 2018","format":false,"excerpt":"Herzlich Willkommen beim Erster Artistenverein Chemnitz e.V. Als Sportverein wollen wir Sie gern auch online mit allen Informationen rund um unsere Angebote versorgen. Unser Verein besteht seit Mai 2016. Zur Zeit gehen bei uns 40 Sportlerinnen und Sportler ihrem Hobby nach, wovon der Gro\u00dfteil der Mitglieder Kinder und Jugendliche sind.\u2026","rel":"","context":"\u00c4hnlicher Beitrag","img":{"alt_text":"","src":"","width":0,"height":0},"classes":[]},{"id":89,"url":"https:\/\/eavc.de\/?page_id=89","url_meta":{"origin":2,"position":1},"title":"Unterst\u00fctzen","date":"Juli 6, 2017","format":false,"excerpt":"Ihr k\u00f6nnt uns unterst\u00fctzen: Wenn Ihr online shoppen geht, vorher pr\u00fcfen ob der shop auch bei gooding verf\u00fcgbar ist Diese Spendenaktion bei gofundme ist unserem Verein gewidmet. Als aktiver Verein ben\u00f6tigen wir kontinuierlich finanzielle Hilfe, Unterst\u00fctzung bei unseren Bauprojekten durch Baugewerke, Sachzuwendungen sowie das direkte pers\u00f6nliche Engagement bei den mannigfaltigen\u2026","rel":"","context":"\u00c4hnlicher Beitrag","img":{"alt_text":"","src":"","width":0,"height":0},"classes":[]},{"id":35,"url":"https:\/\/eavc.de\/?page_id=35","url_meta":{"origin":2,"position":2},"title":"Kontakt","date":"September 17, 2016","format":false,"excerpt":"","rel":"","context":"\u00c4hnlicher Beitrag","img":{"alt_text":"","src":"","width":0,"height":0},"classes":[]},{"id":26,"url":"https:\/\/eavc.de\/?page_id=26","url_meta":{"origin":2,"position":3},"title":"Volleyball","date":"September 17, 2016","format":false,"excerpt":"Aktuell ruht der Ball - Wir suchen Mitspieler Bei Interesse bitte unter contact[at]eavc.de melden","rel":"","context":"\u00c4hnlicher Beitrag","img":{"alt_text":"","src":"","width":0,"height":0},"classes":[]},{"id":28,"url":"https:\/\/eavc.de\/?page_id=28","url_meta":{"origin":2,"position":4},"title":"Impressum &#038; Datenschutz","date":"September 17, 2016","format":false,"excerpt":"Herausgeber Erster Artistenverein Chemnitz e.V. (EAVC e.V.) Kohlstra\u00dfe 2 09116 Chemnitz E-Mail: contact@remove.thiseavc.de Internet: https:\/\/eavc.de Registergericht: Amtsgericht Chemnitz Registernummer: VR 3464 Umsatzsteuer-Identifikationsnummer: 215\/141\/06204 Vorstand: Jens Haase Uta Linke (Schatzmeister) Svea Schulz Allgemeine Rechtshinweise Haftungsausschluss Der Herausgeber \u00fcbernimmt keinerlei Gew\u00e4hr f\u00fcr die Vollst\u00e4ndigkeit, Aktualit\u00e4t, Qualit\u00e4t, Verf\u00fcgbarkeit und St\u00f6rungsfreiheit der bereitgestellten Informationen.\u2026","rel":"","context":"\u00c4hnlicher Beitrag","img":{"alt_text":"","src":"","width":0,"height":0},"classes":[]}],"_links":{"self":[{"href":"https:\/\/eavc.de\/index.php?rest_route=\/wp\/v2\/pages\/2"}],"collection":[{"href":"https:\/\/eavc.de\/index.php?rest_route=\/wp\/v2\/pages"}],"about":[{"href":"https:\/\/eavc.de\/index.php?rest_route=\/wp\/v2\/types\/page"}],"author":[{"embeddable":true,"href":"https:\/\/eavc.de\/index.php?rest_route=\/wp\/v2\/users\/1"}],"replies":[{"embeddable":true,"href":"https:\/\/eavc.de\/index.php?rest_route=%2Fwp%2Fv2%2Fcomments&post=2"}],"version-history":[{"count":54,"href":"https:\/\/eavc.de\/index.php?rest_route=\/wp\/v2\/pages\/2\/revisions"}],"predecessor-version":[{"id":401,"href":"https:\/\/eavc.de\/index.php?rest_route=\/wp\/v2\/pages\/2\/revisions\/401"}],"wp:attachment":[{"href":"https:\/\/eavc.de\/index.php?rest_route=%2Fwp%2Fv2%2Fmedia&parent=2"}],"curies":[{"name":"wp","href":"https:\/\/api.w.org\/{rel}","templated":true}]}}