{"id":192,"date":"2018-12-04T16:42:59","date_gmt":"2018-12-04T16:42:59","guid":{"rendered":"https:\/\/eavc.de\/?page_id=192"},"modified":"2025-04-30T08:06:50","modified_gmt":"2025-04-30T08:06:50","slug":"herzlich-willkommen-beim-erster-artistenverein-chemnitz-e-v","status":"publish","type":"page","link":"https:\/\/eavc.de\/","title":{"rendered":"Startseite"},"content":{"rendered":"<h3>Herzlich Willkommen beim Erster Artistenverein Chemnitz e.V.<\/h3>\n<p>Als Sportverein wollen wir Sie gern auch online mit allen Informationen rund um unsere Angebote versorgen.<\/p>\n<p>Unser Verein besteht seit Mai 2016.<\/p>\n<p>Zur Zeit gehen bei uns 40 Sportlerinnen und Sportler ihrem Hobby nach, wovon der Gro\u00dfteil der Mitglieder Kinder und Jugendliche sind. Wir bieten Freizeitangebote in der Abteilung <a href=\"https:\/\/www.showact.com.de\" target=\"_blank\" rel=\"noopener noreferrer\">Showact<\/a> Artistik an.<\/p>\n<h3>Presse<\/h3>\n<ul>\n<li><a href=\"https:\/\/www.pressreader.com\/germany\/chemnitzer-morgenpost\/20250428\/281586656461631?srsltid=AfmBOopxUsCZD82N5Ps43L36z0i-MR7KGN4dqjYPkivYPuXh5ni-nYZR\">Morgenpost Chemnitz 28.04.2025 Bald wird in der &#8222;Blauen Maus&#8220; geturnt &#8211; Artistenverein braucht Geld f\u00fcr Umzug in Hallenbad<\/a><\/li>\n<li><a href=\"https:\/\/www.tag24.de\/chemnitz\/lokales\/platzmangel-chemnitzer-artistenverein-uebt-bald-in-leerem-pool-3380840\">TAG24 28.04.2025 Platzmangel! Chemnitzer Artistenverein \u00fcbt bald im leeren Pool<\/a><\/li>\n<li><a href=\"https:\/\/www.freiepresse.de\/sport\/lokalsport\/chemnitz\/junger-verein-schafft-spagat-zwischen-turnen-und-artistik-artikel10483330\" target=\"_blank\" rel=\"noopener noreferrer\">Freie Presse 02.04.2019 Spagat zwischen Turnen und Breitensport<\/a><\/li>\n<li><a href=\"https:\/\/www.bild.de\/regional\/chemnitz\/akrobatin\/einfach-mal-haengen-lassen-52659808.bild.html\" target=\"_blank\" rel=\"noopener noreferrer\">BILD 25.07.2017 Reporterin beim Probetraining<\/a><\/li>\n<li><a href=\"https:\/\/www.freiepresse.de\/sport\/lokalsport\/chemnitz\/wo-sich-akrobatik-variet-und-musik-zu-einer-show-verbinden-artikel9913585\" target=\"_blank\" rel=\"noopener noreferrer\">Freie Presse 25.05.2017 Akrobatik, Variet\u00e9 und Musik<\/a><\/li>\n<li><a href=\"https:\/\/www.freiepresse.de\/sport\/lokalsport\/chemnitz\/neuer-verein-vor-erstem-auftritt-artikel9884184\" target=\"_blank\" rel=\"noopener noreferrer\">Freie Presse 18.04.2017 Neuer Verein vor erstem Auftritt<\/a><\/li>\n<\/ul>\n","protected":false},"excerpt":{"rendered":"<p>Herzlich Willkommen beim Erster Artistenverein Chemnitz e.V. Als Sportverein wollen wir Sie gern auch online mit allen Informationen rund um unsere Angebote versorgen. Unser Verein besteht seit Mai 2016. Zur Zeit gehen bei uns 40 Sportlerinnen und Sportler ihrem Hobby nach, wovon der Gro\u00dfteil der Mitglieder Kinder und Jugendliche sind. Wir bieten Freizeitangebote in der [&hellip;]<\/p>\n","protected":false},"author":3,"featured_media":0,"parent":0,"menu_order":0,"comment_status":"closed","ping_status":"closed","template":"","meta":{"jetpack_post_was_ever_published":false,"footnotes":""},"class_list":["post-192","page","type-page","status-publish","hentry"],"jetpack_sharing_enabled":false,"jetpack_shortlink":"https:\/\/wp.me\/P81LnU-36","jetpack-related-posts":[{"id":89,"url":"https:\/\/eavc.de\/?page_id=89","url_meta":{"origin":192,"position":0},"title":"Unterst\u00fctzen","author":"zwynch","date":"Juli 6, 2017","format":false,"excerpt":"Ihr k\u00f6nnt uns unterst\u00fctzen: Wenn Ihr online shoppen geht, vorher pr\u00fcfen ob der Shop auch bei gooding verf\u00fcgbar ist Als aktiver Verein ben\u00f6tigen wir kontinuierlich finanzielle Hilfe, Unterst\u00fctzung bei unseren Bauprojekten durch Baugewerke, Sachzuwendungen sowie das direkte pers\u00f6nliche Engagement bei den mannigfaltigen Aufgaben. Sollten Sie Interesse haben an der F\u00f6rderung\u2026","rel":"","context":"\u00c4hnlicher Beitrag","block_context":{"text":"\u00c4hnlicher Beitrag","link":""},"img":{"alt_text":"","src":"","width":0,"height":0},"classes":[]},{"id":28,"url":"https:\/\/eavc.de\/?page_id=28","url_meta":{"origin":192,"position":1},"title":"Impressum &#038; Datenschutz","author":"zwynch","date":"September 17, 2016","format":false,"excerpt":"Herausgeber Erster Artistenverein Chemnitz e.V. (EAVC e.V.) Bernsdorfer Stra\u00dfe 64 09126 Chemnitz E-Mail: contact@remove.thiseavc.de Internet: https:\/\/eavc.de Registergericht: Amtsgericht Chemnitz Registernummer: VR 3464 Umsatzsteuer-Identifikationsnummer: 215\/141\/06204 Vorstand: Jens Haase Uta Linke (Schatzmeister) Svea Schulz Allgemeine Rechtshinweise Haftungsausschluss Der Herausgeber \u00fcbernimmt keinerlei Gew\u00e4hr f\u00fcr die Vollst\u00e4ndigkeit, Aktualit\u00e4t, Qualit\u00e4t, Verf\u00fcgbarkeit und St\u00f6rungsfreiheit der bereitgestellten\u2026","rel":"","context":"\u00c4hnlicher Beitrag","block_context":{"text":"\u00c4hnlicher Beitrag","link":""},"img":{"alt_text":"","src":"","width":0,"height":0},"classes":[]},{"id":2,"url":"https:\/\/eavc.de\/?page_id=2","url_meta":{"origin":192,"position":2},"title":"Dokumente","author":"zwynch","date":"Mai 10, 2016","format":false,"excerpt":"Dokumente Satzung EAVC e.V. Beitragsordnung EAVC e.V. Gesch\u00e4ftsordnung EAVC e.V. Finanzordnung EAVC e.V. Verzeichnis der Verarbeitungst\u00e4tigkeiten nach \u00a730 DSGVO Abteilungsordnung Showact Mitgliedsantrag Angaben zum Kind (f\u00fcr Mitglieder unter 18 Jahren) Einverst\u00e4ndniserkl\u00e4rung zweite(r) Sorgeberechtigte(r) Fotoerlaubnis Antrag auf Schulbefreiung Apps","rel":"","context":"\u00c4hnlicher Beitrag","block_context":{"text":"\u00c4hnlicher Beitrag","link":""},"img":{"alt_text":"","src":"","width":0,"height":0},"classes":[]}],"_links":{"self":[{"href":"https:\/\/eavc.de\/index.php?rest_route=\/wp\/v2\/pages\/192","targetHints":{"allow":["GET"]}}],"collection":[{"href":"https:\/\/eavc.de\/index.php?rest_route=\/wp\/v2\/pages"}],"about":[{"href":"https:\/\/eavc.de\/index.php?rest_route=\/wp\/v2\/types\/page"}],"author":[{"embeddable":true,"href":"https:\/\/eavc.de\/index.php?rest_route=\/wp\/v2\/users\/3"}],"replies":[{"embeddable":true,"href":"https:\/\/eavc.de\/index.php?rest_route=%2Fwp%2Fv2%2Fcomments&post=192"}],"version-history":[{"count":13,"href":"https:\/\/eavc.de\/index.php?rest_route=\/wp\/v2\/pages\/192\/revisions"}],"predecessor-version":[{"id":415,"href":"https:\/\/eavc.de\/index.php?rest_route=\/wp\/v2\/pages\/192\/revisions\/415"}],"wp:attachment":[{"href":"https:\/\/eavc.de\/index.php?rest_route=%2Fwp%2Fv2%2Fmedia&parent=192"}],"curies":[{"name":"wp","href":"https:\/\/api.w.org\/{rel}","templated":true}]}}